{"id":405679,"date":"2021-09-25T13:31:46","date_gmt":"2021-09-25T10:31:46","guid":{"rendered":"https:\/\/tahwa.fi\/ronn-backholm-hitsman\/"},"modified":"2025-10-08T16:15:40","modified_gmt":"2025-10-08T13:15:40","slug":"ronn-backholm-hitsman","status":"publish","type":"page","link":"https:\/\/tahwa.fi\/sv\/ronn-backholm-hitsman\/","title":{"rendered":"R\u00f6nn &amp; Backholm | Hitsman"},"content":{"rendered":"\t\t<div data-elementor-type=\"wp-page\" data-elementor-id=\"405679\" class=\"elementor elementor-405679 elementor-378343\" data-elementor-post-type=\"page\">\n\t\t\t\t\t\t<section class=\"elementor-section elementor-top-section elementor-element elementor-element-1a56fa7 elementor-section-full_width elementor-section-height-default elementor-section-height-default\" data-id=\"1a56fa7\" data-element_type=\"section\" data-e-type=\"section\">\r\n\t\t\r\n\t\t\t\t\t\t\t<div class=\"elementor-container elementor-column-gap-default\">\r\n\t\t\t\t\t\t\t\t\t\t\t<div class=\"elementor-column elementor-col-100 elementor-top-column elementor-element elementor-element-b1c730b\" data-id=\"b1c730b\" data-element_type=\"column\" data-e-type=\"column\">\r\n\t\t\t\t\t<div class=\"elementor-widget-wrap elementor-element-populated\">\r\n\t\t\t\t\t\t\t\t<div class=\"elementor-element elementor-element-f5065a3 elementor-widget elementor-widget-google_maps\" data-id=\"f5065a3\" data-element_type=\"widget\" data-e-type=\"widget\" data-widget_type=\"google_maps.default\">\n\t\t\t\t<div class=\"elementor-widget-container\">\n\t\t\t\t\t\t\t<div class=\"elementor-custom-embed\">\n\t\t\t<iframe loading=\"lazy\"\n\t\t\t\t\tsrc=\"https:\/\/maps.google.com\/maps?q=Rantamaantie%2033%2C%2065350%20Vaasa&#038;t=m&#038;z=12&#038;output=embed&#038;iwloc=near\"\n\t\t\t\t\ttitle=\"Rantamaantie 33, 65350 Vaasa\"\n\t\t\t\t\taria-label=\"Rantamaantie 33, 65350 Vaasa\"\n\t\t\t><\/iframe>\n\t\t<\/div>\n\t\t\t\t\t\t<\/div>\n\t\t\t\t<\/div>\n\t\t\t\t\t<\/div>\r\n\t\t\t\t<\/div>\r\n\t\t\t\t\t<\/div>\r\n\t\t\t\t<\/section>\r\n\t\t\t\t<div class=\"elementor-section elementor-top-section elementor-element elementor-element-21cf0e0 elementor-section-boxed elementor-section-height-default elementor-section-height-default\" data-id=\"21cf0e0\" data-element_type=\"section\" data-e-type=\"section\" data-settings=\"{&quot;background_background&quot;:&quot;classic&quot;}\">\r\n\t\t\r\n\t\t\t\t\t\t\t<div class=\"elementor-container elementor-column-gap-no\">\r\n\t\t\t\t\t\t\t\t\t\t\t<div class=\"elementor-column elementor-col-66 elementor-top-column elementor-element elementor-element-bb4fff2 contact-info\" data-id=\"bb4fff2\" data-element_type=\"column\" data-e-type=\"column\">\r\n\t\t\t\t\t<div class=\"elementor-widget-wrap elementor-element-populated\">\r\n\t\t\t\t\t\t\t\t<div class=\"elementor-element elementor-element-6dd06db elementor-widget elementor-widget-heading\" data-id=\"6dd06db\" data-element_type=\"widget\" data-e-type=\"widget\" data-widget_type=\"heading.default\">\n\t\t\t\t<div class=\"elementor-widget-container\">\n\t\t\t\t\t<h1 class=\"elementor-heading-title elementor-size-default\">R\u00f6nn &amp; Backholm | Hitsman<\/h1>\t\t\t\t<\/div>\n\t\t\t\t<\/div>\n\t\t\t\t<div class=\"elementor-element elementor-element-e065bfe elementor-widget elementor-widget-text-editor\" data-id=\"e065bfe\" data-element_type=\"widget\" data-e-type=\"widget\" data-widget_type=\"text-editor.default\">\n\t\t\t\t<div class=\"elementor-widget-container\">\n\t\t\t\t\t\t\t\t\t<p><b>Bilreservdelar fr\u00e5n &#8221;R\u00f6nnis&#8221; sedan 1970<\/b><\/p><p>R\u00f6nn &amp; Backholm \u00e4r en specialistbutik d\u00e4r du kan hitta allt du beh\u00f6ver f\u00f6r din bil: reservdelar, tillbeh\u00f6r och verktyg. I v\u00e5rt sortiment finns \u00e4ven reservdelar f\u00f6r tunga fordon och verkstadsutrustning. F\u00f6rutom enskilda kunder betj\u00e4nar vi \u00e4ven verkst\u00e4der, transportf\u00f6retag och industrier fr\u00e5n Jakobstad till Lappfj\u00e4rd.<\/p><p>Tack vare v\u00e5ra olika leverant\u00f6rer, v\u00e5rt stora lager och v\u00e5r v\u00e4lfungerande logistikkedja ser vi till att du aldrig beh\u00f6ver v\u00e4nta f\u00f6r l\u00e4nge p\u00e5 din reservdel. Om vi inte har det du beh\u00f6ver i lager kan vi vanligtvis skaffa det till n\u00e4sta arbetsdag.<\/p><p>Varum\u00e4rket R\u00f6nn &amp; Backholm \u00e4r v\u00e4lk\u00e4nt i Vasatrakten sedan 1970-talet. Sedan 2004 \u00e4r vi en del av Fixus-kedjan som har butiker och verkst\u00e4der p\u00e5 \u00f6ver 200 orter i Finland.\u00a0<\/p><p><b>Hitsman<\/b><\/p><p>Hitsmans kunder \u00e4r stora och sm\u00e5 f\u00f6retag samt privatpersoner. Vi hittar alltid en l\u00f6sning oavsett om det handlar om att utrusta en metallverkstad, v\u00e4lja en svetsmaskin f\u00f6r din hobby eller f\u00e5 ig\u00e5ng en gasolgrill. P\u00e5 Hitsman betj\u00e4nas du fr\u00e4mst av Tero \u00d6ling. V\u00e4lkommen till oss!<\/p><p><span style=\"color: var( --e-global-color-e1273af );letter-spacing: var(--porto-body-ls,0)\"><b>Kemppi<\/b><\/span><\/p><p>Svetsmaskiner f\u00f6r industrianl\u00e4ggningar, verkst\u00e4der och hobbybruk. \u00c4ven reservdelar. www.kemppi.fi<\/p><p><span style=\"color: var( --e-global-color-e1273af );letter-spacing: var(--porto-body-ls,0)\"><b>Woikoski<\/b><\/span><\/p><p>Vi levererar Woikoski-gaser. F\u00f6rutom svetsgaser s\u00e4ljer vi \u00e4ven gasol.<\/p><p><span style=\"color: var( --e-global-color-e1273af );letter-spacing: var(--porto-body-ls,0)\"><b>Elga<\/b><\/span><\/p><p>MIG- och TIG-svetsinstruktioner, svetstr\u00e5dar och gastillbeh\u00f6r f\u00f6r sk\u00e4rning och l\u00f6dning.<\/p><p><span style=\"color: var( --e-global-color-e1273af );letter-spacing: var(--porto-body-ls,0)\"><b>Service<\/b><\/span><\/p><p>Svetshj\u00e4lmar, handskar, skyddsutrustning och annan utrustning.<\/p><p><span style=\"color: var( --e-global-color-e1273af );letter-spacing: var(--porto-body-ls,0)\"><b>Underh\u00e5ll<\/b><\/span><\/p><p>Svetsar och andra sm\u00e5maskiner servas av TAHWa Service:\u00a0<span style=\"color: var( --e-global-color-e1273af );letter-spacing: var(--porto-body-ls,0)\">050-5265317 \/ Harry &#8221;H\u00e4rde&#8221; Ahlskog<\/span><\/p>\t\t\t\t\t\t\t\t<\/div>\n\t\t\t\t<\/div>\n\t\t\t\t\t<\/div>\r\n\t\t\t\t<\/div>\r\n\t\t\t\t<div class=\"elementor-column elementor-col-33 elementor-top-column elementor-element elementor-element-d136257 fluid-col-lg-5\" data-id=\"d136257\" data-element_type=\"column\" data-e-type=\"column\">\r\n\t\t\t\t\t<div class=\"elementor-widget-wrap elementor-element-populated\">\r\n\t\t\t\t\t\t\t\t<div class=\"elementor-element elementor-element-43e93b8 elementor-widget elementor-widget-heading\" data-id=\"43e93b8\" data-element_type=\"widget\" data-e-type=\"widget\" data-widget_type=\"heading.default\">\n\t\t\t\t<div class=\"elementor-widget-container\">\n\t\t\t\t\t<h2 class=\"elementor-heading-title elementor-size-default\">Kontakt<\/h2>\t\t\t\t<\/div>\n\t\t\t\t<\/div>\n\t\t\t\t<div class=\"elementor-element elementor-element-9efe257 mb-0 elementor-widget elementor-widget-porto_ultimate_heading\" data-id=\"9efe257\" data-element_type=\"widget\" data-e-type=\"widget\" data-widget_type=\"porto_ultimate_heading.default\">\n\t\t\t\t<div class=\"elementor-widget-container\">\n\t\t\t\t\t<div class=\"porto-u-heading  porto-u-7cde7bb859728a21207628191890e260\"><div class=\"porto-u-main-heading\"><h3   >Butikens adress<\/h3><\/div><div class=\"porto-u-sub-heading\" style=\"margin-bottom:24px;\"><p>Strandlandsv\u00e4gen 33<br \/>65350 Vasa<\/p><\/div><style>.porto-u-7cde7bb859728a21207628191890e260.porto-u-heading{text-align:left}<\/style><\/div>\t\t\t\t<\/div>\n\t\t\t\t<\/div>\n\t\t\t\t<div class=\"elementor-element elementor-element-90fa8b4 mb-0 elementor-widget elementor-widget-porto_ultimate_heading\" data-id=\"90fa8b4\" data-element_type=\"widget\" data-e-type=\"widget\" data-widget_type=\"porto_ultimate_heading.default\">\n\t\t\t\t<div class=\"elementor-widget-container\">\n\t\t\t\t\t<div class=\"porto-u-heading  porto-u-7cde7bb859728a21207628191890e260\"><div class=\"porto-u-main-heading\"><h3   >Telefon<\/h3><\/div><div class=\"porto-u-sub-heading\" style=\"margin-bottom:24px;\"><p><a href=\"tel:+35863122899\">+358 6 3122 899<\/a><\/p><\/div><style>.porto-u-7cde7bb859728a21207628191890e260.porto-u-heading{text-align:left}<\/style><\/div>\t\t\t\t<\/div>\n\t\t\t\t<\/div>\n\t\t\t\t<div class=\"elementor-element elementor-element-02d3e9c mb-0 elementor-widget elementor-widget-porto_ultimate_heading\" data-id=\"02d3e9c\" data-element_type=\"widget\" data-e-type=\"widget\" data-widget_type=\"porto_ultimate_heading.default\">\n\t\t\t\t<div class=\"elementor-widget-container\">\n\t\t\t\t\t<div class=\"porto-u-heading  porto-u-7cde7bb859728a21207628191890e260\"><div class=\"porto-u-main-heading\"><h3   >\u00d6ppettider<\/h3><\/div><div class=\"porto-u-sub-heading\" style=\"margin-bottom:24px;\"><p>M\u00e5n - fre 8:00 - 17:00<br \/>L\u00f6rdag - st\u00e4ngt<br \/>S\u00f6ndag - st\u00e4ngt<\/p><p>E-postadresser i formatet :<br \/>fornamn.efternamn@ronn-backholm.fi<\/p><\/div><style>.porto-u-7cde7bb859728a21207628191890e260.porto-u-heading{text-align:left}<\/style><\/div>\t\t\t\t<\/div>\n\t\t\t\t<\/div>\n\t\t\t\t\t<\/div>\r\n\t\t\t\t<\/div>\r\n\t\t\t\t\t<\/div>\r\n\t\t\t\t<\/div>\r\n\t\t\t\t<section class=\"elementor-section elementor-top-section elementor-element elementor-element-45cef17 elementor-section-boxed elementor-section-height-default elementor-section-height-default\" data-id=\"45cef17\" data-element_type=\"section\" data-e-type=\"section\">\r\n\t\t\r\n\t\t\t\t\t\t\t<div class=\"elementor-container elementor-column-gap-default\">\r\n\t\t\t\t\t\t\t\t\t\t\t<div class=\"elementor-column elementor-col-14 elementor-top-column elementor-element elementor-element-c9ebf42\" data-id=\"c9ebf42\" data-element_type=\"column\" data-e-type=\"column\">\r\n\t\t\t\t\t<div class=\"elementor-widget-wrap elementor-element-populated\">\r\n\t\t\t\t\t\t\t\t<div class=\"elementor-element elementor-element-f9e2498 elementor-widget elementor-widget-porto_info_box\" data-id=\"f9e2498\" data-element_type=\"widget\" data-e-type=\"widget\" data-widget_type=\"porto_info_box.default\">\n\t\t\t\t<div class=\"elementor-widget-container\">\n\t\t\t\t\t<div class=\"porto-sicon-box style_1 default-icon flex-wrap\"><div class=\"porto-sicon-default\"><div class=\"porto-just-icon-wrapper porto-sicon-img  porto-icon-d751713988987e9331980363e24189ce\" style=\"\"><img fetchpriority=\"high\" decoding=\"async\" class=\"img-icon\" alt=\"\" src=\"https:\/\/tahwa.fi\/wp-content\/uploads\/2023\/12\/CHRISTIAN-scaled.jpg\" width=\"2560\" height=\"2560\" \/><\/div><\/div><div class=\"porto-sicon-description\" style=\"\" ><p style=\"text-align: center\"><strong>Reservdelschef<\/strong><br \/>Christian R\u00f6nn<br \/>050-3803249<\/p><\/div> <!-- description --><\/div><!-- porto-sicon-box -->\t\t\t\t<\/div>\n\t\t\t\t<\/div>\n\t\t\t\t\t<\/div>\r\n\t\t\t\t<\/div>\r\n\t\t\t\t<div class=\"elementor-column elementor-col-14 elementor-top-column elementor-element elementor-element-c4adf6c\" data-id=\"c4adf6c\" data-element_type=\"column\" data-e-type=\"column\">\r\n\t\t\t\t\t<div class=\"elementor-widget-wrap elementor-element-populated\">\r\n\t\t\t\t\t\t\t\t<div class=\"elementor-element elementor-element-bf240de elementor-widget elementor-widget-porto_info_box\" data-id=\"bf240de\" data-element_type=\"widget\" data-e-type=\"widget\" data-widget_type=\"porto_info_box.default\">\n\t\t\t\t<div class=\"elementor-widget-container\">\n\t\t\t\t\t<div class=\"porto-sicon-box style_1 default-icon flex-wrap\"><div class=\"porto-sicon-default\"><div class=\"porto-just-icon-wrapper porto-sicon-img  porto-icon-d751713988987e9331980363e24189ce\" style=\"\"><img decoding=\"async\" class=\"img-icon\" alt=\"\" src=\"https:\/\/tahwa.fi\/wp-content\/uploads\/2023\/12\/TERO-scaled.jpg\" width=\"2560\" height=\"2560\" \/><\/div><\/div><div class=\"porto-sicon-description\" style=\"\" ><p style=\"text-align: center\"><strong>Hitsman (Kemppi, Elga, Woikoski)<br><\/strong>Tero \u00d6ling<br>050-4616621<\/p><\/div> <!-- description --><\/div><!-- porto-sicon-box -->\t\t\t\t<\/div>\n\t\t\t\t<\/div>\n\t\t\t\t\t<\/div>\r\n\t\t\t\t<\/div>\r\n\t\t\t\t<div class=\"elementor-column elementor-col-14 elementor-top-column elementor-element elementor-element-7fe29de\" data-id=\"7fe29de\" data-element_type=\"column\" data-e-type=\"column\">\r\n\t\t\t\t\t<div class=\"elementor-widget-wrap elementor-element-populated\">\r\n\t\t\t\t\t\t\t\t<div class=\"elementor-element elementor-element-26b3293 elementor-widget elementor-widget-porto_info_box\" data-id=\"26b3293\" data-element_type=\"widget\" data-e-type=\"widget\" data-widget_type=\"porto_info_box.default\">\n\t\t\t\t<div class=\"elementor-widget-container\">\n\t\t\t\t\t<div class=\"porto-sicon-box style_1 default-icon flex-wrap\"><div class=\"porto-sicon-default\"><div class=\"porto-just-icon-wrapper porto-sicon-img  porto-icon-d751713988987e9331980363e24189ce\" style=\"\"><img decoding=\"async\" class=\"img-icon\" alt=\"\" src=\"https:\/\/tahwa.fi\/wp-content\/uploads\/2023\/12\/JIMMY-scaled.jpg\" width=\"2560\" height=\"2560\" \/><\/div><\/div><div class=\"porto-sicon-description\" style=\"\" ><p style=\"text-align: center\"><strong>F\u00f6rs\u00e4ljare<br \/><\/strong>Jimmy Lustig <br \/>040-6289614<\/p><\/div> <!-- description --><\/div><!-- porto-sicon-box -->\t\t\t\t<\/div>\n\t\t\t\t<\/div>\n\t\t\t\t\t<\/div>\r\n\t\t\t\t<\/div>\r\n\t\t\t\t<div class=\"elementor-column elementor-col-14 elementor-top-column elementor-element elementor-element-dbc432d\" data-id=\"dbc432d\" data-element_type=\"column\" data-e-type=\"column\">\r\n\t\t\t\t\t<div class=\"elementor-widget-wrap elementor-element-populated\">\r\n\t\t\t\t\t\t\t\t<div class=\"elementor-element elementor-element-0d7f76b elementor-widget elementor-widget-porto_info_box\" data-id=\"0d7f76b\" data-element_type=\"widget\" data-e-type=\"widget\" data-widget_type=\"porto_info_box.default\">\n\t\t\t\t<div class=\"elementor-widget-container\">\n\t\t\t\t\t<div class=\"porto-sicon-box style_1 default-icon flex-wrap\"><div class=\"porto-sicon-default\"><div class=\"porto-just-icon-wrapper porto-sicon-img  porto-icon-d751713988987e9331980363e24189ce\" style=\"\"><img loading=\"lazy\" decoding=\"async\" class=\"img-icon\" alt=\"\" src=\"https:\/\/tahwa.fi\/wp-content\/uploads\/2025\/09\/anton2.webp\" width=\"480\" height=\"480\" \/><\/div><\/div><div class=\"porto-sicon-description\" style=\"\" ><p style=\"text-align: center;\"><strong>Lager, logistik<\/strong><br \/>Anton Bj\u00f6rses<br \/>040-3515975<\/p><\/div> <!-- description --><\/div><!-- porto-sicon-box -->\t\t\t\t<\/div>\n\t\t\t\t<\/div>\n\t\t\t\t\t<\/div>\r\n\t\t\t\t<\/div>\r\n\t\t\t\t<div class=\"elementor-column elementor-col-14 elementor-top-column elementor-element elementor-element-0cdba15\" data-id=\"0cdba15\" data-element_type=\"column\" data-e-type=\"column\">\r\n\t\t\t\t\t<div class=\"elementor-widget-wrap elementor-element-populated\">\r\n\t\t\t\t\t\t\t\t<div class=\"elementor-element elementor-element-844a3ca elementor-widget elementor-widget-porto_info_box\" data-id=\"844a3ca\" data-element_type=\"widget\" data-e-type=\"widget\" data-widget_type=\"porto_info_box.default\">\n\t\t\t\t<div class=\"elementor-widget-container\">\n\t\t\t\t\t<div class=\"porto-sicon-box style_1 default-icon flex-wrap\"><div class=\"porto-sicon-default\"><div class=\"porto-just-icon-wrapper porto-sicon-img  porto-icon-d751713988987e9331980363e24189ce\" style=\"\"><img loading=\"lazy\" decoding=\"async\" class=\"img-icon\" alt=\"\" src=\"https:\/\/tahwa.fi\/wp-content\/uploads\/2023\/12\/KIM-scaled.jpg\" width=\"2560\" height=\"2560\" \/><\/div><\/div><div class=\"porto-sicon-description\" style=\"\" ><p style=\"text-align: center;\"><b>Lager, logistik<br \/><\/b>Kim Lehtiheimo<br \/>040-9211577<\/p><\/div> <!-- description --><\/div><!-- porto-sicon-box -->\t\t\t\t<\/div>\n\t\t\t\t<\/div>\n\t\t\t\t\t<\/div>\r\n\t\t\t\t<\/div>\r\n\t\t\t\t<div class=\"elementor-column elementor-col-14 elementor-top-column elementor-element elementor-element-e274c52\" data-id=\"e274c52\" data-element_type=\"column\" data-e-type=\"column\">\r\n\t\t\t\t\t<div class=\"elementor-widget-wrap\">\r\n\t\t\t\t\t\t\t\t\t<\/div>\r\n\t\t\t\t<\/div>\r\n\t\t\t\t<div class=\"elementor-column elementor-col-14 elementor-top-column elementor-element elementor-element-1e5a1ad\" data-id=\"1e5a1ad\" data-element_type=\"column\" data-e-type=\"column\">\r\n\t\t\t\t\t<div class=\"elementor-widget-wrap\">\r\n\t\t\t\t\t\t\t\t\t<\/div>\r\n\t\t\t\t<\/div>\r\n\t\t\t\t\t<\/div>\r\n\t\t\t\t<\/section>\r\n\t\t\t\t<section class=\"elementor-section elementor-top-section elementor-element elementor-element-e6622f9 elementor-section-boxed elementor-section-height-default elementor-section-height-default\" data-id=\"e6622f9\" data-element_type=\"section\" data-e-type=\"section\">\r\n\t\t\r\n\t\t\t\t\t\t\t<div class=\"elementor-container elementor-column-gap-default\">\r\n\t\t\t\t\t\t\t\t\t\t\t<div class=\"elementor-column elementor-col-12 elementor-top-column elementor-element elementor-element-702914a\" data-id=\"702914a\" data-element_type=\"column\" data-e-type=\"column\">\r\n\t\t\t\t\t<div class=\"elementor-widget-wrap elementor-element-populated\">\r\n\t\t\t\t\t\t\t\t<div class=\"elementor-element elementor-element-2b173ed elementor-widget elementor-widget-porto_info_box\" data-id=\"2b173ed\" data-element_type=\"widget\" data-e-type=\"widget\" data-widget_type=\"porto_info_box.default\">\n\t\t\t\t<div class=\"elementor-widget-container\">\n\t\t\t\t\t<div class=\"porto-sicon-box style_1 default-icon flex-wrap\"><div class=\"porto-sicon-default\"><div class=\"porto-just-icon-wrapper porto-sicon-img  porto-icon-d751713988987e9331980363e24189ce\" style=\"\"><img loading=\"lazy\" decoding=\"async\" class=\"img-icon\" alt=\"\" src=\"https:\/\/tahwa.fi\/wp-content\/uploads\/2023\/12\/ANTTI-scaled-e1706296193490.jpg\" width=\"2560\" height=\"2560\" \/><\/div><\/div><div class=\"porto-sicon-description\" style=\"\" ><p style=\"text-align: center\"><strong>F\u00f6retagare, VD<br \/><\/strong>Antti Heikkil\u00e4<br \/>0400-860623<\/p><\/div> <!-- description --><\/div><!-- porto-sicon-box -->\t\t\t\t<\/div>\n\t\t\t\t<\/div>\n\t\t\t\t\t<\/div>\r\n\t\t\t\t<\/div>\r\n\t\t\t\t<div class=\"elementor-column elementor-col-12 elementor-top-column elementor-element elementor-element-7394b44\" data-id=\"7394b44\" data-element_type=\"column\" data-e-type=\"column\">\r\n\t\t\t\t\t<div class=\"elementor-widget-wrap elementor-element-populated\">\r\n\t\t\t\t\t\t\t\t<div class=\"elementor-element elementor-element-bbd4516 elementor-widget elementor-widget-porto_info_box\" data-id=\"bbd4516\" data-element_type=\"widget\" data-e-type=\"widget\" data-widget_type=\"porto_info_box.default\">\n\t\t\t\t<div class=\"elementor-widget-container\">\n\t\t\t\t\t<div class=\"porto-sicon-box style_1 default-icon flex-wrap\"><div class=\"porto-sicon-default\"><div class=\"porto-just-icon-wrapper porto-sicon-img  porto-icon-d751713988987e9331980363e24189ce\" style=\"\"><img loading=\"lazy\" decoding=\"async\" class=\"img-icon\" alt=\"\" src=\"https:\/\/tahwa.fi\/wp-content\/uploads\/2023\/12\/MAARIT-scaled.jpg\" width=\"2560\" height=\"2560\" \/><\/div><\/div><div class=\"porto-sicon-description\" style=\"\" ><p style=\"text-align: center\"><strong>Ekonomichef<br \/><\/strong>Maarit Kesti<br \/>044-2948303<\/p><\/div> <!-- description --><\/div><!-- porto-sicon-box -->\t\t\t\t<\/div>\n\t\t\t\t<\/div>\n\t\t\t\t\t<\/div>\r\n\t\t\t\t<\/div>\r\n\t\t\t\t<div class=\"elementor-column elementor-col-12 elementor-top-column elementor-element elementor-element-b1d8949\" data-id=\"b1d8949\" data-element_type=\"column\" data-e-type=\"column\">\r\n\t\t\t\t\t<div class=\"elementor-widget-wrap elementor-element-populated\">\r\n\t\t\t\t\t\t\t\t<div class=\"elementor-element elementor-element-0d5977d elementor-widget elementor-widget-porto_info_box\" data-id=\"0d5977d\" data-element_type=\"widget\" data-e-type=\"widget\" data-widget_type=\"porto_info_box.default\">\n\t\t\t\t<div class=\"elementor-widget-container\">\n\t\t\t\t\t<div class=\"porto-sicon-box style_1 default-icon flex-wrap\"><div class=\"porto-sicon-default\"><div class=\"porto-just-icon-wrapper porto-sicon-img  porto-icon-d751713988987e9331980363e24189ce\" style=\"\"><img loading=\"lazy\" decoding=\"async\" class=\"img-icon\" alt=\"\" src=\"https:\/\/tahwa.fi\/wp-content\/uploads\/2023\/12\/MERI-scaled-e1706296282374.jpg\" width=\"2560\" height=\"2560\" \/><\/div><\/div><div class=\"porto-sicon-description\" style=\"\" ><p style=\"text-align: center;\"><strong>Ink\u00f6psreskontra<br \/><\/strong>Meri Rantala<br \/>050-5134790<\/p><\/div> <!-- description --><\/div><!-- porto-sicon-box -->\t\t\t\t<\/div>\n\t\t\t\t<\/div>\n\t\t\t\t\t<\/div>\r\n\t\t\t\t<\/div>\r\n\t\t\t\t<div class=\"elementor-column elementor-col-12 elementor-top-column elementor-element elementor-element-19c1618\" data-id=\"19c1618\" data-element_type=\"column\" data-e-type=\"column\">\r\n\t\t\t\t\t<div class=\"elementor-widget-wrap\">\r\n\t\t\t\t\t\t\t\t\t<\/div>\r\n\t\t\t\t<\/div>\r\n\t\t\t\t<div class=\"elementor-column elementor-col-12 elementor-top-column elementor-element elementor-element-6b0b2e3\" data-id=\"6b0b2e3\" data-element_type=\"column\" data-e-type=\"column\">\r\n\t\t\t\t\t<div class=\"elementor-widget-wrap\">\r\n\t\t\t\t\t\t\t\t\t<\/div>\r\n\t\t\t\t<\/div>\r\n\t\t\t\t<div class=\"elementor-column elementor-col-12 elementor-top-column elementor-element elementor-element-5fb2e50\" data-id=\"5fb2e50\" data-element_type=\"column\" data-e-type=\"column\">\r\n\t\t\t\t\t<div class=\"elementor-widget-wrap\">\r\n\t\t\t\t\t\t\t\t\t<\/div>\r\n\t\t\t\t<\/div>\r\n\t\t\t\t<div class=\"elementor-column elementor-col-12 elementor-top-column elementor-element elementor-element-6890e76\" data-id=\"6890e76\" data-element_type=\"column\" data-e-type=\"column\">\r\n\t\t\t\t\t<div class=\"elementor-widget-wrap\">\r\n\t\t\t\t\t\t\t\t\t<\/div>\r\n\t\t\t\t<\/div>\r\n\t\t\t\t<div class=\"elementor-column elementor-col-12 elementor-top-column elementor-element elementor-element-4bc6182\" data-id=\"4bc6182\" data-element_type=\"column\" data-e-type=\"column\">\r\n\t\t\t\t\t<div class=\"elementor-widget-wrap\">\r\n\t\t\t\t\t\t\t\t\t<\/div>\r\n\t\t\t\t<\/div>\r\n\t\t\t\t\t<\/div>\r\n\t\t\t\t<\/section>\r\n\t\t\t\t<\/div>\n\t\t","protected":false},"excerpt":{"rendered":"<p>R\u00f6nn &amp; Backholm | Hitsman Bilreservdelar fr\u00e5n &#8221;R\u00f6nnis&#8221; sedan 1970 R\u00f6nn &amp; Backholm \u00e4r en specialistbutik d\u00e4r du kan hitta allt du beh\u00f6ver f\u00f6r din bil: reservdelar, tillbeh\u00f6r och verktyg. I v\u00e5rt sortiment finns \u00e4ven reservdelar f\u00f6r tunga fordon och verkstadsutrustning. F\u00f6rutom enskilda kunder betj\u00e4nar vi \u00e4ven verkst\u00e4der, transportf\u00f6retag och industrier fr\u00e5n Jakobstad till Lappfj\u00e4rd. [&hellip;]<\/p>\n","protected":false},"author":1024,"featured_media":0,"parent":0,"menu_order":0,"comment_status":"closed","ping_status":"closed","template":"","meta":{"footnotes":""},"class_list":["post-405679","page","type-page","status-publish","hentry"],"_links":{"self":[{"href":"https:\/\/tahwa.fi\/sv\/wp-json\/wp\/v2\/pages\/405679","targetHints":{"allow":["GET"]}}],"collection":[{"href":"https:\/\/tahwa.fi\/sv\/wp-json\/wp\/v2\/pages"}],"about":[{"href":"https:\/\/tahwa.fi\/sv\/wp-json\/wp\/v2\/types\/page"}],"author":[{"embeddable":true,"href":"https:\/\/tahwa.fi\/sv\/wp-json\/wp\/v2\/users\/1024"}],"replies":[{"embeddable":true,"href":"https:\/\/tahwa.fi\/sv\/wp-json\/wp\/v2\/comments?post=405679"}],"version-history":[{"count":50,"href":"https:\/\/tahwa.fi\/sv\/wp-json\/wp\/v2\/pages\/405679\/revisions"}],"predecessor-version":[{"id":427132,"href":"https:\/\/tahwa.fi\/sv\/wp-json\/wp\/v2\/pages\/405679\/revisions\/427132"}],"wp:attachment":[{"href":"https:\/\/tahwa.fi\/sv\/wp-json\/wp\/v2\/media?parent=405679"}],"curies":[{"name":"wp","href":"https:\/\/api.w.org\/{rel}","templated":true}]}}