{"id":406073,"date":"2020-12-22T02:34:01","date_gmt":"2020-12-22T00:34:01","guid":{"rendered":"https:\/\/tahwa.fi\/information-om-fakturering\/"},"modified":"2023-10-17T18:59:10","modified_gmt":"2023-10-17T15:59:10","slug":"faktureringsuppgifter","status":"publish","type":"page","link":"https:\/\/tahwa.fi\/sv\/faktureringsuppgifter\/","title":{"rendered":"Faktureringsuppgifter"},"content":{"rendered":"\t\t<div data-elementor-type=\"wp-page\" data-elementor-id=\"406073\" class=\"elementor elementor-406073 elementor-1600\" data-elementor-post-type=\"page\">\n\t\t\t\t\t\t<section class=\"elementor-section elementor-top-section elementor-element elementor-element-bd039fc p-t-xl mt-1 elementor-section-boxed elementor-section-height-default elementor-section-height-default\" data-id=\"bd039fc\" data-element_type=\"section\" data-e-type=\"section\">\r\n\t\t\r\n\t\t\t\t\t\t\t<div class=\"elementor-container elementor-column-gap-default\">\r\n\t\t\t\t\t\t\t\t\t\t\t<div class=\"elementor-column elementor-col-100 elementor-top-column elementor-element elementor-element-89643d1\" data-id=\"89643d1\" data-element_type=\"column\" data-e-type=\"column\">\r\n\t\t\t\t\t<div class=\"elementor-widget-wrap elementor-element-populated\">\r\n\t\t\t\t\t\t\t\t<div class=\"elementor-element elementor-element-acbd4d3 elementor-widget elementor-widget-porto_ultimate_heading\" data-id=\"acbd4d3\" data-element_type=\"widget\" data-e-type=\"widget\" data-widget_type=\"porto_ultimate_heading.default\">\n\t\t\t\t<div class=\"elementor-widget-container\">\n\t\t\t\t\t<div class=\"porto-u-heading  porto-u-7cde7bb859728a21207628191890e260\"><div class=\"porto-u-main-heading\"><h2    style=\"margin-bottom: 5px;\">Information om fakturering<\/h2><\/div><div class=\"porto-u-sub-heading\" style=\"margin-bottom:30px;\"><p>Vi tar emot fakturor till Tervajoen Autohuolto och TAHWa elektroniskt p\u00e5:<\/p><p>N\u00e4tfaktura-adress: 003706393351<br \/>Operat\u00f6r: POPFFI22<br \/>FO-nummer: 0639335-1<\/p><p>Om ditt f\u00f6retag inte har m\u00f6jlighet att skicka n\u00e4tfakturor ber vi er att fakturera via e-post:<\/p><p>laskut @ tervajoenautohuolto.fi<\/p><p>V\u00e4nligen ange p\u00e5 fakturan vilken avdelning fakturan avser.<\/p><\/div><style>.porto-u-7cde7bb859728a21207628191890e260.porto-u-heading{text-align:left}<\/style><\/div>\t\t\t\t<\/div>\n\t\t\t\t<\/div>\n\t\t\t\t<div class=\"elementor-element elementor-element-8f24506 elementor-widget-divider--view-line elementor-widget elementor-widget-divider\" data-id=\"8f24506\" data-element_type=\"widget\" data-e-type=\"widget\" data-widget_type=\"divider.default\">\n\t\t\t\t<div class=\"elementor-widget-container\">\n\t\t\t\t\t\t\t<div class=\"elementor-divider\">\n\t\t\t<span class=\"elementor-divider-separator\">\n\t\t\t\t\t\t<\/span>\n\t\t<\/div>\n\t\t\t\t\t\t<\/div>\n\t\t\t\t<\/div>\n\t\t\t\t\t<\/div>\r\n\t\t\t\t<\/div>\r\n\t\t\t\t\t<\/div>\r\n\t\t\t\t<\/section>\r\n\t\t\t\t<\/div>\n\t\t","protected":false},"excerpt":{"rendered":"<p>Information om fakturering Vi tar emot fakturor till Tervajoen Autohuolto och TAHWa elektroniskt p\u00e5: N\u00e4tfaktura-adress: 003706393351Operat\u00f6r: POPFFI22FO-nummer: 0639335-1 Om ditt f\u00f6retag inte har m\u00f6jlighet att skicka n\u00e4tfakturor ber vi er att fakturera via e-post: laskut @ tervajoenautohuolto.fi V\u00e4nligen ange p\u00e5 fakturan vilken avdelning fakturan avser. .porto-u-9988.porto-u-heading{text-align:left} \/*! elementor &#8211; v3.16.0 &#8211; 09-10-2023 *\/ .elementor-widget-divider{&#8211;divider-border-style:none;&#8211;divider-border-width:1px;&#8211;divider-color:#0c0d0e;&#8211;divider-icon-size:20px;&#8211;divider-element-spacing:10px;&#8211;divider-pattern-height:24px;&#8211;divider-pattern-size:20px;&#8211;divider-pattern-url:none;&#8211;divider-pattern-repeat:repeat-x}.elementor-widget-divider .elementor-divider{display:flex}.elementor-widget-divider [&hellip;]<\/p>\n","protected":false},"author":1024,"featured_media":0,"parent":0,"menu_order":0,"comment_status":"closed","ping_status":"closed","template":"elementor_theme","meta":{"footnotes":""},"class_list":["post-406073","page","type-page","status-publish","hentry"],"_links":{"self":[{"href":"https:\/\/tahwa.fi\/sv\/wp-json\/wp\/v2\/pages\/406073","targetHints":{"allow":["GET"]}}],"collection":[{"href":"https:\/\/tahwa.fi\/sv\/wp-json\/wp\/v2\/pages"}],"about":[{"href":"https:\/\/tahwa.fi\/sv\/wp-json\/wp\/v2\/types\/page"}],"author":[{"embeddable":true,"href":"https:\/\/tahwa.fi\/sv\/wp-json\/wp\/v2\/users\/1024"}],"replies":[{"embeddable":true,"href":"https:\/\/tahwa.fi\/sv\/wp-json\/wp\/v2\/comments?post=406073"}],"version-history":[{"count":5,"href":"https:\/\/tahwa.fi\/sv\/wp-json\/wp\/v2\/pages\/406073\/revisions"}],"predecessor-version":[{"id":406105,"href":"https:\/\/tahwa.fi\/sv\/wp-json\/wp\/v2\/pages\/406073\/revisions\/406105"}],"wp:attachment":[{"href":"https:\/\/tahwa.fi\/sv\/wp-json\/wp\/v2\/media?parent=406073"}],"curies":[{"name":"wp","href":"https:\/\/api.w.org\/{rel}","templated":true}]}}